{"id":6,"date":"2023-01-30T19:46:49","date_gmt":"2023-01-30T19:46:49","guid":{"rendered":"https:\/\/gruponewlife.com.br\/?page_id=6"},"modified":"2025-08-26T20:09:06","modified_gmt":"2025-08-26T20:09:06","slug":"elementor-6","status":"publish","type":"page","link":"https:\/\/gruponewlife.com.br\/","title":{"rendered":"Elementor #6"},"content":{"rendered":"\t\t<div data-elementor-type=\"wp-post\" data-elementor-id=\"6\" class=\"elementor elementor-6\">\n\t\t\t\t\t\t\t\t\t<section class=\"elementor-section elementor-top-section elementor-element elementor-element-c0f2c86 elementor-section-full_width elementor-section-stretched elementor-section-height-default elementor-section-height-default\" data-id=\"c0f2c86\" data-element_type=\"section\" data-settings=\"{&quot;stretch_section&quot;:&quot;section-stretched&quot;,&quot;background_background&quot;:&quot;classic&quot;}\">\n\t\t\t\t\t\t<div class=\"elementor-container elementor-column-gap-default\">\n\t\t\t\t\t<div class=\"elementor-column elementor-col-50 elementor-top-column elementor-element elementor-element-ba5a019\" data-id=\"ba5a019\" data-element_type=\"column\">\n\t\t\t<div class=\"elementor-widget-wrap elementor-element-populated\">\n\t\t\t\t\t\t\t\t<div class=\"elementor-element elementor-element-6c6ae89 elementor-widget elementor-widget-image\" data-id=\"6c6ae89\" data-element_type=\"widget\" data-widget_type=\"image.default\">\n\t\t\t\t<div class=\"elementor-widget-container\">\n\t\t\t<style>\/*! elementor - v3.10.2 - 29-01-2023 *\/\n.elementor-widget-image{text-align:center}.elementor-widget-image a{display:inline-block}.elementor-widget-image a img[src$=\".svg\"]{width:48px}.elementor-widget-image img{vertical-align:middle;display:inline-block}<\/style>\t\t\t\t\t\t\t\t\t\t\t\t<img loading=\"lazy\" decoding=\"async\" width=\"70\" height=\"70\" src=\"https:\/\/gruponewlife.com.br\/wp-content\/uploads\/2023\/02\/Design-sem-nome-18.png\" class=\"attachment-thumbnail size-thumbnail wp-image-109\" alt=\"\" \/>\t\t\t\t\t\t\t\t\t\t\t\t\t\t\t<\/div>\n\t\t\t\t<\/div>\n\t\t\t\t\t<\/div>\n\t\t<\/div>\n\t\t\t\t<div class=\"elementor-column elementor-col-50 elementor-top-column elementor-element elementor-element-4cb9b82\" data-id=\"4cb9b82\" data-element_type=\"column\">\n\t\t\t<div class=\"elementor-widget-wrap elementor-element-populated\">\n\t\t\t\t\t\t\t\t<div class=\"elementor-element elementor-element-01fc09c elementor-widget elementor-widget-text-editor\" data-id=\"01fc09c\" data-element_type=\"widget\" data-widget_type=\"text-editor.default\">\n\t\t\t\t<div class=\"elementor-widget-container\">\n\t\t\t<style>\/*! elementor - v3.10.2 - 29-01-2023 *\/\n.elementor-widget-text-editor.elementor-drop-cap-view-stacked .elementor-drop-cap{background-color:#818a91;color:#fff}.elementor-widget-text-editor.elementor-drop-cap-view-framed .elementor-drop-cap{color:#818a91;border:3px solid;background-color:transparent}.elementor-widget-text-editor:not(.elementor-drop-cap-view-default) .elementor-drop-cap{margin-top:8px}.elementor-widget-text-editor:not(.elementor-drop-cap-view-default) .elementor-drop-cap-letter{width:1em;height:1em}.elementor-widget-text-editor .elementor-drop-cap{float:left;text-align:center;line-height:1;font-size:50px}.elementor-widget-text-editor .elementor-drop-cap-letter{display:inline-block}<\/style>\t\t\t\t<p>Empresa ga\u00facha duas vezes premiada internacionalmente<\/p>\t\t\t\t\t\t<\/div>\n\t\t\t\t<\/div>\n\t\t\t\t\t<\/div>\n\t\t<\/div>\n\t\t\t\t\t\t\t<\/div>\n\t\t<\/section>\n\t\t\t\t<section class=\"elementor-section elementor-top-section elementor-element elementor-element-33c3c52 elementor-section-full_width elementor-section-stretched elementor-section-height-default elementor-section-height-default\" data-id=\"33c3c52\" data-element_type=\"section\" data-settings=\"{&quot;stretch_section&quot;:&quot;section-stretched&quot;}\">\n\t\t\t\t\t\t<div class=\"elementor-container elementor-column-gap-no\">\n\t\t\t\t\t<div class=\"elementor-column elementor-col-100 elementor-top-column elementor-element elementor-element-c6634de\" data-id=\"c6634de\" data-element_type=\"column\">\n\t\t\t<div class=\"elementor-widget-wrap elementor-element-populated\">\n\t\t\t\t\t\t\t\t<div class=\"elementor-element elementor-element-5ef4f94 elementor-widget elementor-widget-image\" data-id=\"5ef4f94\" data-element_type=\"widget\" data-widget_type=\"image.default\">\n\t\t\t\t<div class=\"elementor-widget-container\">\n\t\t\t\t\t\t\t\t\t\t\t\t\t\t\t<img decoding=\"async\" src=\"https:\/\/gruponewlife.com.br\/wp-content\/uploads\/elementor\/thumbs\/Sem-nome-200-\u00d7-80-px-200-\u00d7-60-px-1-q1h5qb4tqoe356ypc0ja1g75q2qxic2aiqhk6ni7a0.png\" title=\"Sem nome (200\u00a0\u00d7\u00a080\u00a0px) (200\u00a0\u00d7\u00a060\u00a0px)\" alt=\"Sem nome (200\u00a0\u00d7\u00a080\u00a0px) (200\u00a0\u00d7\u00a060\u00a0px)\" loading=\"lazy\" \/>\t\t\t\t\t\t\t\t\t\t\t\t\t\t\t<\/div>\n\t\t\t\t<\/div>\n\t\t\t\t<div class=\"elementor-element elementor-element-47198a7 elementor-aspect-ratio-169 elementor-widget elementor-widget-video\" data-id=\"47198a7\" data-element_type=\"widget\" data-settings=\"{&quot;youtube_url&quot;:&quot;https:\\\/\\\/www.youtube.com\\\/watch?v=OWBHZwuV3xk&quot;,&quot;autoplay&quot;:&quot;yes&quot;,&quot;play_on_mobile&quot;:&quot;yes&quot;,&quot;video_type&quot;:&quot;youtube&quot;,&quot;aspect_ratio&quot;:&quot;169&quot;}\" data-widget_type=\"video.default\">\n\t\t\t\t<div class=\"elementor-widget-container\">\n\t\t\t<style>\/*! elementor - v3.10.2 - 29-01-2023 *\/\n.elementor-widget-video .elementor-widget-container{overflow:hidden;transform:translateZ(0)}.elementor-widget-video .elementor-open-inline .elementor-custom-embed-image-overlay{position:absolute;top:0;left:0;width:100%;height:100%;background-size:cover;background-position:50%}.elementor-widget-video .elementor-custom-embed-image-overlay{cursor:pointer;text-align:center}.elementor-widget-video .elementor-custom-embed-image-overlay:hover .elementor-custom-embed-play i{opacity:1}.elementor-widget-video .elementor-custom-embed-image-overlay img{display:block;width:100%}.elementor-widget-video .e-hosted-video .elementor-video{-o-object-fit:cover;object-fit:cover}.e-con-inner>.elementor-widget-video,.e-con>.elementor-widget-video{width:var(--container-widget-width);--flex-grow:var(--container-widget-flex-grow)}<\/style>\t\t<div class=\"elementor-wrapper elementor-fit-aspect-ratio elementor-open-inline\">\n\t\t\t<div class=\"elementor-video\"><\/div>\t\t<\/div>\n\t\t\t\t<\/div>\n\t\t\t\t<\/div>\n\t\t\t\t\t<\/div>\n\t\t<\/div>\n\t\t\t\t\t\t\t<\/div>\n\t\t<\/section>\n\t\t\t\t<section class=\"elementor-section elementor-top-section elementor-element elementor-element-6e4dbdf elementor-section-full_width elementor-section-stretched elementor-section-height-default elementor-section-height-default\" data-id=\"6e4dbdf\" data-element_type=\"section\" data-settings=\"{&quot;stretch_section&quot;:&quot;section-stretched&quot;,&quot;background_background&quot;:&quot;classic&quot;}\">\n\t\t\t\t\t\t<div class=\"elementor-container elementor-column-gap-default\">\n\t\t\t\t\t<div class=\"elementor-column elementor-col-50 elementor-top-column elementor-element elementor-element-8f9aaef\" data-id=\"8f9aaef\" data-element_type=\"column\">\n\t\t\t<div class=\"elementor-widget-wrap elementor-element-populated\">\n\t\t\t\t\t\t\t\t<div class=\"elementor-element elementor-element-cee88e9 elementor-widget elementor-widget-image\" data-id=\"cee88e9\" data-element_type=\"widget\" data-widget_type=\"image.default\">\n\t\t\t\t<div class=\"elementor-widget-container\">\n\t\t\t\t\t\t\t\t\t\t\t\t\t\t\t<img decoding=\"async\" src=\"https:\/\/gruponewlife.com.br\/wp-content\/uploads\/elementor\/thumbs\/Sem-nome-200-\u00d7-80-px-200-\u00d7-60-px-150-\u00d7-150-px-q1h64epmsl5jmz3ib23w0v01hn9pcbd6ygk965xxy8.png\" title=\"Sem nome (200\u00a0\u00d7\u00a080\u00a0px) (200\u00a0\u00d7\u00a060\u00a0px) (150\u00a0\u00d7\u00a0150\u00a0px)\" alt=\"Sem nome (200\u00a0\u00d7\u00a080\u00a0px) (200\u00a0\u00d7\u00a060\u00a0px) (150\u00a0\u00d7\u00a0150\u00a0px)\" loading=\"lazy\" \/>\t\t\t\t\t\t\t\t\t\t\t\t\t\t\t<\/div>\n\t\t\t\t<\/div>\n\t\t\t\t\t<\/div>\n\t\t<\/div>\n\t\t\t\t<div class=\"elementor-column elementor-col-50 elementor-top-column elementor-element elementor-element-317d93d\" data-id=\"317d93d\" data-element_type=\"column\">\n\t\t\t<div class=\"elementor-widget-wrap elementor-element-populated\">\n\t\t\t\t\t\t\t\t<div class=\"elementor-element elementor-element-8f383bf elementor-widget elementor-widget-image\" data-id=\"8f383bf\" data-element_type=\"widget\" data-widget_type=\"image.default\">\n\t\t\t\t<div class=\"elementor-widget-container\">\n\t\t\t\t\t\t\t\t\t\t\t\t\t\t\t<img decoding=\"async\" src=\"https:\/\/gruponewlife.com.br\/wp-content\/uploads\/elementor\/thumbs\/Sem-nome-200-\u00d7-80-px-200-\u00d7-60-px-150-\u00d7-150-px-2-q1h66c9oubsri4ah0w6a5dg5g5qv5x1bw0u6on2t5s.png\" title=\"Sem nome (200\u00a0\u00d7\u00a080\u00a0px) (200\u00a0\u00d7\u00a060\u00a0px) (150\u00a0\u00d7\u00a0150\u00a0px) (2)\" alt=\"Sem nome (200\u00a0\u00d7\u00a080\u00a0px) (200\u00a0\u00d7\u00a060\u00a0px) (150\u00a0\u00d7\u00a0150\u00a0px) (2)\" loading=\"lazy\" \/>\t\t\t\t\t\t\t\t\t\t\t\t\t\t\t<\/div>\n\t\t\t\t<\/div>\n\t\t\t\t\t<\/div>\n\t\t<\/div>\n\t\t\t\t\t\t\t<\/div>\n\t\t<\/section>\n\t\t\t\t<section class=\"elementor-section elementor-top-section elementor-element elementor-element-a778a86 elementor-section-full_width elementor-section-stretched elementor-section-height-default elementor-section-height-default\" data-id=\"a778a86\" data-element_type=\"section\" data-settings=\"{&quot;stretch_section&quot;:&quot;section-stretched&quot;,&quot;background_background&quot;:&quot;classic&quot;}\">\n\t\t\t\t\t\t<div class=\"elementor-container elementor-column-gap-default\">\n\t\t\t\t\t<div class=\"elementor-column elementor-col-33 elementor-top-column elementor-element elementor-element-142bb9c\" data-id=\"142bb9c\" data-element_type=\"column\">\n\t\t\t<div class=\"elementor-widget-wrap elementor-element-populated\">\n\t\t\t\t\t\t\t\t<div class=\"elementor-element elementor-element-b73e580 elementor-widget elementor-widget-image\" data-id=\"b73e580\" data-element_type=\"widget\" data-widget_type=\"image.default\">\n\t\t\t\t<div class=\"elementor-widget-container\">\n\t\t\t\t\t\t\t\t\t\t\t\t\t\t\t<img decoding=\"async\" src=\"https:\/\/gruponewlife.com.br\/wp-content\/uploads\/elementor\/thumbs\/Sem-nome-200-\u00d7-80-px-200-\u00d7-60-px-150-\u00d7-150-px-q1h64epmsl5jmz3ib23w0v01hn9pcbd6ygk965xxy8.png\" title=\"Sem nome (200\u00a0\u00d7\u00a080\u00a0px) (200\u00a0\u00d7\u00a060\u00a0px) (150\u00a0\u00d7\u00a0150\u00a0px)\" alt=\"Sem nome (200\u00a0\u00d7\u00a080\u00a0px) (200\u00a0\u00d7\u00a060\u00a0px) (150\u00a0\u00d7\u00a0150\u00a0px)\" loading=\"lazy\" \/>\t\t\t\t\t\t\t\t\t\t\t\t\t\t\t<\/div>\n\t\t\t\t<\/div>\n\t\t\t\t\t<\/div>\n\t\t<\/div>\n\t\t\t\t<div class=\"elementor-column elementor-col-33 elementor-top-column elementor-element elementor-element-c3b626c\" data-id=\"c3b626c\" data-element_type=\"column\">\n\t\t\t<div class=\"elementor-widget-wrap elementor-element-populated\">\n\t\t\t\t\t\t\t\t<div class=\"elementor-element elementor-element-b814e99 elementor-widget elementor-widget-image\" data-id=\"b814e99\" data-element_type=\"widget\" data-widget_type=\"image.default\">\n\t\t\t\t<div class=\"elementor-widget-container\">\n\t\t\t\t\t\t\t\t\t\t\t\t\t\t\t<img decoding=\"async\" src=\"https:\/\/gruponewlife.com.br\/wp-content\/uploads\/elementor\/thumbs\/Design_sem_nome__29_-removebg-preview-q8lgdbd7mgiab7fgo3gybuv0m7qzfmlnklmx47wkq0.png\" title=\"Design_sem_nome__29_-removebg-preview\" alt=\"Design_sem_nome__29_-removebg-preview\" loading=\"lazy\" \/>\t\t\t\t\t\t\t\t\t\t\t\t\t\t\t<\/div>\n\t\t\t\t<\/div>\n\t\t\t\t\t<\/div>\n\t\t<\/div>\n\t\t\t\t<div class=\"elementor-column elementor-col-33 elementor-top-column elementor-element elementor-element-bcca9d2\" data-id=\"bcca9d2\" data-element_type=\"column\">\n\t\t\t<div class=\"elementor-widget-wrap elementor-element-populated\">\n\t\t\t\t\t\t\t\t<div class=\"elementor-element elementor-element-7af1daa elementor-widget elementor-widget-image\" data-id=\"7af1daa\" data-element_type=\"widget\" data-widget_type=\"image.default\">\n\t\t\t\t<div class=\"elementor-widget-container\">\n\t\t\t\t\t\t\t\t\t\t\t\t\t\t\t<img decoding=\"async\" src=\"https:\/\/gruponewlife.com.br\/wp-content\/uploads\/elementor\/thumbs\/Sem-nome-200-\u00d7-80-px-200-\u00d7-60-px-150-\u00d7-150-px-2-q1h66c9oubt7ve5whr48z245r8i86mm9yt8gb0ars0.png\" title=\"Sem nome (200\u00a0\u00d7\u00a080\u00a0px) (200\u00a0\u00d7\u00a060\u00a0px) (150\u00a0\u00d7\u00a0150\u00a0px) (2)\" alt=\"Sem nome (200\u00a0\u00d7\u00a080\u00a0px) (200\u00a0\u00d7\u00a060\u00a0px) (150\u00a0\u00d7\u00a0150\u00a0px) (2)\" loading=\"lazy\" \/>\t\t\t\t\t\t\t\t\t\t\t\t\t\t\t<\/div>\n\t\t\t\t<\/div>\n\t\t\t\t\t<\/div>\n\t\t<\/div>\n\t\t\t\t\t\t\t<\/div>\n\t\t<\/section>\n\t\t\t\t<section class=\"elementor-section elementor-top-section elementor-element elementor-element-72cd9ef elementor-section-full_width elementor-section-stretched elementor-section-height-default elementor-section-height-default\" data-id=\"72cd9ef\" data-element_type=\"section\" data-settings=\"{&quot;stretch_section&quot;:&quot;section-stretched&quot;,&quot;background_background&quot;:&quot;classic&quot;}\">\n\t\t\t\t\t\t<div class=\"elementor-container elementor-column-gap-default\">\n\t\t\t\t\t<div class=\"elementor-column elementor-col-100 elementor-top-column elementor-element elementor-element-accfb0e\" data-id=\"accfb0e\" data-element_type=\"column\">\n\t\t\t<div class=\"elementor-widget-wrap elementor-element-populated\">\n\t\t\t\t\t\t\t\t<div class=\"elementor-element elementor-element-b106a54 elementor-widget elementor-widget-text-editor\" data-id=\"b106a54\" data-element_type=\"widget\" data-widget_type=\"text-editor.default\">\n\t\t\t\t<div class=\"elementor-widget-container\">\n\t\t\t\t\t\t\t<h4 style=\"text-align: center;\">Empresas do Grupo<\/h4><p>\u00a0 \u00a0O Grupo New Life \u00e9 segmentado em seis multisservi\u00e7os, nas \u00e1reas de <strong>agroneg\u00f3cios<\/strong>, <strong>energias renov\u00e1veis<\/strong>, <strong>provedor de internet<\/strong>, <strong>educa\u00e7\u00e3o empreendedora<\/strong>, <strong>desenvolvimento social<\/strong> e <strong>mercado imobili\u00e1rio<\/strong>.<br \/><br \/>Seguimos uma conduta personalizada diante das demandas do mercado apresentando um diferencial \u00edmpar para quem busca novas oportunidades. Prova disso s\u00e3o os resultados extraordin\u00e1rios registrados junto aos colaboradores, gestores e clientes.<\/p>\t\t\t\t\t\t<\/div>\n\t\t\t\t<\/div>\n\t\t\t\t\t<\/div>\n\t\t<\/div>\n\t\t\t\t\t\t\t<\/div>\n\t\t<\/section>\n\t\t\t\t<section class=\"elementor-section elementor-top-section elementor-element elementor-element-ebee6d6 elementor-section-stretched elementor-section-boxed elementor-section-height-default elementor-section-height-default\" data-id=\"ebee6d6\" data-element_type=\"section\" data-settings=\"{&quot;stretch_section&quot;:&quot;section-stretched&quot;,&quot;background_background&quot;:&quot;gradient&quot;}\">\n\t\t\t\t\t\t<div class=\"elementor-container elementor-column-gap-default\">\n\t\t\t\t\t<div class=\"elementor-column elementor-col-33 elementor-top-column elementor-element elementor-element-6004d85\" data-id=\"6004d85\" data-element_type=\"column\">\n\t\t\t<div class=\"elementor-widget-wrap elementor-element-populated\">\n\t\t\t\t\t\t\t\t<div class=\"elementor-element elementor-element-58ef429 elementor-widget elementor-widget-image\" data-id=\"58ef429\" data-element_type=\"widget\" data-widget_type=\"image.default\">\n\t\t\t\t<div class=\"elementor-widget-container\">\n\t\t\t\t\t\t\t\t\t\t\t\t\t\t\t\t<a href=\"https:\/\/newlifefarms.com.br\">\n\t\t\t\t\t\t\t<img loading=\"lazy\" decoding=\"async\" width=\"150\" height=\"150\" src=\"https:\/\/gruponewlife.com.br\/wp-content\/uploads\/2023\/01\/Design-sem-nome-13-150x150.png\" class=\"attachment-thumbnail size-thumbnail wp-image-55\" alt=\"\" srcset=\"https:\/\/gruponewlife.com.br\/wp-content\/uploads\/2023\/01\/Design-sem-nome-13-150x150.png 150w, https:\/\/gruponewlife.com.br\/wp-content\/uploads\/2023\/01\/Design-sem-nome-13-300x300.png 300w, https:\/\/gruponewlife.com.br\/wp-content\/uploads\/2023\/01\/Design-sem-nome-13-768x768.png 768w, https:\/\/gruponewlife.com.br\/wp-content\/uploads\/2023\/01\/Design-sem-nome-13.png 1024w\" sizes=\"auto, (max-width: 150px) 100vw, 150px\" \/>\t\t\t\t\t\t\t\t<\/a>\n\t\t\t\t\t\t\t\t\t\t\t\t\t\t\t<\/div>\n\t\t\t\t<\/div>\n\t\t\t\t\t<\/div>\n\t\t<\/div>\n\t\t\t\t<div class=\"elementor-column elementor-col-33 elementor-top-column elementor-element elementor-element-07a596e\" data-id=\"07a596e\" data-element_type=\"column\">\n\t\t\t<div class=\"elementor-widget-wrap elementor-element-populated\">\n\t\t\t\t\t\t\t\t<div class=\"elementor-element elementor-element-c537c1f elementor-widget elementor-widget-image\" data-id=\"c537c1f\" data-element_type=\"widget\" data-widget_type=\"image.default\">\n\t\t\t\t<div class=\"elementor-widget-container\">\n\t\t\t\t\t\t\t\t\t\t\t\t\t\t\t\t<a href=\"https:\/\/newlifenet.com.br\">\n\t\t\t\t\t\t\t<img loading=\"lazy\" decoding=\"async\" width=\"150\" height=\"150\" src=\"https:\/\/gruponewlife.com.br\/wp-content\/uploads\/2023\/01\/Design-sem-nome-11-150x150.png\" class=\"attachment-thumbnail size-thumbnail wp-image-52\" alt=\"\" srcset=\"https:\/\/gruponewlife.com.br\/wp-content\/uploads\/2023\/01\/Design-sem-nome-11-150x150.png 150w, https:\/\/gruponewlife.com.br\/wp-content\/uploads\/2023\/01\/Design-sem-nome-11-300x300.png 300w, https:\/\/gruponewlife.com.br\/wp-content\/uploads\/2023\/01\/Design-sem-nome-11-768x768.png 768w, https:\/\/gruponewlife.com.br\/wp-content\/uploads\/2023\/01\/Design-sem-nome-11.png 1024w\" sizes=\"auto, (max-width: 150px) 100vw, 150px\" \/>\t\t\t\t\t\t\t\t<\/a>\n\t\t\t\t\t\t\t\t\t\t\t\t\t\t\t<\/div>\n\t\t\t\t<\/div>\n\t\t\t\t\t<\/div>\n\t\t<\/div>\n\t\t\t\t<div class=\"elementor-column elementor-col-33 elementor-top-column elementor-element elementor-element-b63c182\" data-id=\"b63c182\" data-element_type=\"column\">\n\t\t\t<div class=\"elementor-widget-wrap elementor-element-populated\">\n\t\t\t\t\t\t\t\t<div class=\"elementor-element elementor-element-c6756b8 elementor-widget elementor-widget-image\" data-id=\"c6756b8\" data-element_type=\"widget\" data-widget_type=\"image.default\">\n\t\t\t\t<div class=\"elementor-widget-container\">\n\t\t\t\t\t\t\t\t\t\t\t\t\t\t\t\t<a href=\"https:\/\/institutonewlife.com\">\n\t\t\t\t\t\t\t<img loading=\"lazy\" decoding=\"async\" width=\"150\" height=\"150\" src=\"https:\/\/gruponewlife.com.br\/wp-content\/uploads\/2023\/01\/Design-sem-nome-14-150x150.png\" class=\"attachment-thumbnail size-thumbnail wp-image-56\" alt=\"\" srcset=\"https:\/\/gruponewlife.com.br\/wp-content\/uploads\/2023\/01\/Design-sem-nome-14-150x150.png 150w, https:\/\/gruponewlife.com.br\/wp-content\/uploads\/2023\/01\/Design-sem-nome-14-300x300.png 300w, https:\/\/gruponewlife.com.br\/wp-content\/uploads\/2023\/01\/Design-sem-nome-14-768x768.png 768w, https:\/\/gruponewlife.com.br\/wp-content\/uploads\/2023\/01\/Design-sem-nome-14.png 1024w\" sizes=\"auto, (max-width: 150px) 100vw, 150px\" \/>\t\t\t\t\t\t\t\t<\/a>\n\t\t\t\t\t\t\t\t\t\t\t\t\t\t\t<\/div>\n\t\t\t\t<\/div>\n\t\t\t\t\t<\/div>\n\t\t<\/div>\n\t\t\t\t\t\t\t<\/div>\n\t\t<\/section>\n\t\t\t\t<section class=\"elementor-section elementor-top-section elementor-element elementor-element-a5386b3 elementor-section-stretched elementor-section-boxed elementor-section-height-default elementor-section-height-default\" data-id=\"a5386b3\" data-element_type=\"section\" data-settings=\"{&quot;stretch_section&quot;:&quot;section-stretched&quot;,&quot;background_background&quot;:&quot;gradient&quot;}\">\n\t\t\t\t\t\t<div class=\"elementor-container elementor-column-gap-default\">\n\t\t\t\t\t<div class=\"elementor-column elementor-col-33 elementor-top-column elementor-element elementor-element-ce8a29a elementor-hidden-mobile\" data-id=\"ce8a29a\" data-element_type=\"column\">\n\t\t\t<div class=\"elementor-widget-wrap elementor-element-populated\">\n\t\t\t\t\t\t\t\t<div class=\"elementor-element elementor-element-73c0636 elementor-widget elementor-widget-image\" data-id=\"73c0636\" data-element_type=\"widget\" data-widget_type=\"image.default\">\n\t\t\t\t<div class=\"elementor-widget-container\">\n\t\t\t\t\t\t\t\t\t\t\t\t\t\t\t<img loading=\"lazy\" decoding=\"async\" width=\"300\" height=\"300\" src=\"https:\/\/gruponewlife.com.br\/wp-content\/uploads\/2023\/01\/Inserir-um-subtitulo-10-300x300.png\" class=\"attachment-medium size-medium wp-image-37\" alt=\"\" srcset=\"https:\/\/gruponewlife.com.br\/wp-content\/uploads\/2023\/01\/Inserir-um-subtitulo-10-300x300.png 300w, https:\/\/gruponewlife.com.br\/wp-content\/uploads\/2023\/01\/Inserir-um-subtitulo-10-150x150.png 150w, https:\/\/gruponewlife.com.br\/wp-content\/uploads\/2023\/01\/Inserir-um-subtitulo-10-768x768.png 768w, https:\/\/gruponewlife.com.br\/wp-content\/uploads\/2023\/01\/Inserir-um-subtitulo-10.png 1024w\" sizes=\"auto, (max-width: 300px) 100vw, 300px\" \/>\t\t\t\t\t\t\t\t\t\t\t\t\t\t\t<\/div>\n\t\t\t\t<\/div>\n\t\t\t\t\t<\/div>\n\t\t<\/div>\n\t\t\t\t<div class=\"elementor-column elementor-col-33 elementor-top-column elementor-element elementor-element-fef4654 elementor-hidden-mobile\" data-id=\"fef4654\" data-element_type=\"column\">\n\t\t\t<div class=\"elementor-widget-wrap elementor-element-populated\">\n\t\t\t\t\t\t\t\t<div class=\"elementor-element elementor-element-3e01d1c elementor-widget elementor-widget-image\" data-id=\"3e01d1c\" data-element_type=\"widget\" data-widget_type=\"image.default\">\n\t\t\t\t<div class=\"elementor-widget-container\">\n\t\t\t\t\t\t\t\t\t\t\t\t\t\t\t<img loading=\"lazy\" decoding=\"async\" width=\"300\" height=\"300\" src=\"https:\/\/gruponewlife.com.br\/wp-content\/uploads\/2023\/01\/Inserir-um-subtitulo-12-300x300.png\" class=\"attachment-medium size-medium wp-image-39\" alt=\"\" srcset=\"https:\/\/gruponewlife.com.br\/wp-content\/uploads\/2023\/01\/Inserir-um-subtitulo-12-300x300.png 300w, https:\/\/gruponewlife.com.br\/wp-content\/uploads\/2023\/01\/Inserir-um-subtitulo-12-150x150.png 150w, https:\/\/gruponewlife.com.br\/wp-content\/uploads\/2023\/01\/Inserir-um-subtitulo-12-768x768.png 768w, https:\/\/gruponewlife.com.br\/wp-content\/uploads\/2023\/01\/Inserir-um-subtitulo-12.png 1024w\" sizes=\"auto, (max-width: 300px) 100vw, 300px\" \/>\t\t\t\t\t\t\t\t\t\t\t\t\t\t\t<\/div>\n\t\t\t\t<\/div>\n\t\t\t\t\t<\/div>\n\t\t<\/div>\n\t\t\t\t<div class=\"elementor-column elementor-col-33 elementor-top-column elementor-element elementor-element-0fdaeb9 elementor-hidden-mobile\" data-id=\"0fdaeb9\" data-element_type=\"column\">\n\t\t\t<div class=\"elementor-widget-wrap elementor-element-populated\">\n\t\t\t\t\t\t\t\t<div class=\"elementor-element elementor-element-9071a14 elementor-widget elementor-widget-image\" data-id=\"9071a14\" data-element_type=\"widget\" data-widget_type=\"image.default\">\n\t\t\t\t<div class=\"elementor-widget-container\">\n\t\t\t\t\t\t\t\t\t\t\t\t\t\t\t<img loading=\"lazy\" decoding=\"async\" width=\"300\" height=\"300\" src=\"https:\/\/gruponewlife.com.br\/wp-content\/uploads\/2023\/01\/Inserir-um-subtitulo-13-300x300.png\" class=\"attachment-medium size-medium wp-image-40\" alt=\"\" srcset=\"https:\/\/gruponewlife.com.br\/wp-content\/uploads\/2023\/01\/Inserir-um-subtitulo-13-300x300.png 300w, https:\/\/gruponewlife.com.br\/wp-content\/uploads\/2023\/01\/Inserir-um-subtitulo-13-150x150.png 150w, https:\/\/gruponewlife.com.br\/wp-content\/uploads\/2023\/01\/Inserir-um-subtitulo-13-768x768.png 768w, https:\/\/gruponewlife.com.br\/wp-content\/uploads\/2023\/01\/Inserir-um-subtitulo-13.png 1024w\" sizes=\"auto, (max-width: 300px) 100vw, 300px\" \/>\t\t\t\t\t\t\t\t\t\t\t\t\t\t\t<\/div>\n\t\t\t\t<\/div>\n\t\t\t\t\t<\/div>\n\t\t<\/div>\n\t\t\t\t\t\t\t<\/div>\n\t\t<\/section>\n\t\t\t\t<section class=\"elementor-section elementor-top-section elementor-element elementor-element-b5bbcf8 elementor-section-full_width elementor-section-stretched elementor-section-height-default elementor-section-height-default\" data-id=\"b5bbcf8\" data-element_type=\"section\" data-settings=\"{&quot;stretch_section&quot;:&quot;section-stretched&quot;,&quot;background_background&quot;:&quot;classic&quot;}\">\n\t\t\t\t\t\t<div class=\"elementor-container elementor-column-gap-default\">\n\t\t\t\t\t<div class=\"elementor-column elementor-col-100 elementor-top-column elementor-element elementor-element-d8b23d5\" data-id=\"d8b23d5\" data-element_type=\"column\">\n\t\t\t<div class=\"elementor-widget-wrap elementor-element-populated\">\n\t\t\t\t\t\t\t\t<div class=\"elementor-element elementor-element-96e89cd elementor-widget elementor-widget-text-editor\" data-id=\"96e89cd\" data-element_type=\"widget\" data-widget_type=\"text-editor.default\">\n\t\t\t\t<div class=\"elementor-widget-container\">\n\t\t\t\t\t\t\t<p>2025 New Life Internet. Todos os direitos reservados.<\/p>\t\t\t\t\t\t<\/div>\n\t\t\t\t<\/div>\n\t\t\t\t\t<\/div>\n\t\t<\/div>\n\t\t\t\t\t\t\t<\/div>\n\t\t<\/section>\n\t\t\t\t\t\t\t<\/div>\n\t\t","protected":false},"excerpt":{"rendered":"<p>Empresa ga\u00facha duas vezes premiada internacionalmente Empresas do Grupo \u00a0 \u00a0O Grupo New Life \u00e9 segmentado em seis multisservi\u00e7os, nas \u00e1reas de agroneg\u00f3cios, energias renov\u00e1veis, provedor de internet, educa\u00e7\u00e3o empreendedora, desenvolvimento social e mercado imobili\u00e1rio. Seguimos uma conduta personalizada diante das demandas do mercado apresentando um diferencial \u00edmpar para quem busca novas oportunidades. Prova disso [&hellip;]<\/p>\n","protected":false},"author":1,"featured_media":0,"parent":0,"menu_order":0,"comment_status":"closed","ping_status":"closed","template":"blank","meta":{"footnotes":""},"class_list":["post-6","page","type-page","status-publish","hentry"],"_links":{"self":[{"href":"https:\/\/gruponewlife.com.br\/index.php\/wp-json\/wp\/v2\/pages\/6","targetHints":{"allow":["GET"]}}],"collection":[{"href":"https:\/\/gruponewlife.com.br\/index.php\/wp-json\/wp\/v2\/pages"}],"about":[{"href":"https:\/\/gruponewlife.com.br\/index.php\/wp-json\/wp\/v2\/types\/page"}],"author":[{"embeddable":true,"href":"https:\/\/gruponewlife.com.br\/index.php\/wp-json\/wp\/v2\/users\/1"}],"replies":[{"embeddable":true,"href":"https:\/\/gruponewlife.com.br\/index.php\/wp-json\/wp\/v2\/comments?post=6"}],"version-history":[{"count":185,"href":"https:\/\/gruponewlife.com.br\/index.php\/wp-json\/wp\/v2\/pages\/6\/revisions"}],"predecessor-version":[{"id":361,"href":"https:\/\/gruponewlife.com.br\/index.php\/wp-json\/wp\/v2\/pages\/6\/revisions\/361"}],"wp:attachment":[{"href":"https:\/\/gruponewlife.com.br\/index.php\/wp-json\/wp\/v2\/media?parent=6"}],"curies":[{"name":"wp","href":"https:\/\/api.w.org\/{rel}","templated":true}]}}